{"id":2688,"date":"2026-01-29T10:01:41","date_gmt":"2026-01-29T09:01:41","guid":{"rendered":"https:\/\/www.stothmarta.com\/hu\/?page_id=2688"},"modified":"2026-01-29T10:18:13","modified_gmt":"2026-01-29T09:18:13","slug":"etikai-es-szakmai-nyilatkozat","status":"publish","type":"page","link":"http:\/\/www.stothmarta.com\/hu\/etikai-es-szakmai-nyilatkozat\/","title":{"rendered":"Etikai \u00e9s Szakmai nyilatkozat"},"content":{"rendered":"[vc_row type=&#8221;in_container&#8221; full_screen_row_position=&#8221;middle&#8221; column_margin=&#8221;default&#8221; column_direction=&#8221;default&#8221; column_direction_tablet=&#8221;default&#8221; column_direction_phone=&#8221;default&#8221; scene_position=&#8221;center&#8221; text_color=&#8221;dark&#8221; text_align=&#8221;left&#8221; row_border_radius=&#8221;none&#8221; row_border_radius_applies=&#8221;bg&#8221; row_position_desktop=&#8221;default&#8221; row_position_tablet=&#8221;inherit&#8221; row_position_phone=&#8221;inherit&#8221; overflow=&#8221;visible&#8221; overlay_strength=&#8221;0.3&#8243; gradient_direction=&#8221;left_to_right&#8221; shape_divider_position=&#8221;bottom&#8221; bg_image_animation=&#8221;none&#8221;][vc_column column_padding=&#8221;no-extra-padding&#8221; column_padding_tablet=&#8221;inherit&#8221; column_padding_phone=&#8221;inherit&#8221; column_padding_position=&#8221;all&#8221; flex_gap_desktop=&#8221;10px&#8221; column_element_direction_desktop=&#8221;default&#8221; column_element_spacing=&#8221;default&#8221; desktop_text_alignment=&#8221;default&#8221; tablet_text_alignment=&#8221;default&#8221; phone_text_alignment=&#8221;default&#8221; background_color_opacity=&#8221;1&#8243; background_hover_color_opacity=&#8221;1&#8243; column_backdrop_filter=&#8221;none&#8221; column_shadow=&#8221;none&#8221; column_border_radius=&#8221;none&#8221; column_link_target=&#8221;_self&#8221; column_position=&#8221;default&#8221; gradient_direction=&#8221;left_to_right&#8221; overlay_strength=&#8221;0.3&#8243; width=&#8221;1\/1&#8243; tablet_width_inherit=&#8221;default&#8221; animation_type=&#8221;default&#8221; bg_image_animation=&#8221;none&#8221; border_type=&#8221;simple&#8221; column_border_width=&#8221;none&#8221; column_border_style=&#8221;solid&#8221;][vc_row_inner column_margin=&#8221;default&#8221; column_direction=&#8221;default&#8221; column_direction_tablet=&#8221;default&#8221; column_direction_phone=&#8221;default&#8221; text_align=&#8221;left&#8221; row_position=&#8221;default&#8221; row_position_tablet=&#8221;inherit&#8221; row_position_phone=&#8221;inherit&#8221; overflow=&#8221;visible&#8221; pointer_events=&#8221;all&#8221;][vc_column_inner column_padding=&#8221;no-extra-padding&#8221; column_padding_tablet=&#8221;inherit&#8221; column_padding_phone=&#8221;inherit&#8221; column_padding_position=&#8221;all&#8221; flex_gap_desktop=&#8221;10px&#8221; column_element_direction_desktop=&#8221;default&#8221; column_element_spacing=&#8221;default&#8221; desktop_text_alignment=&#8221;default&#8221; tablet_text_alignment=&#8221;default&#8221; phone_text_alignment=&#8221;default&#8221; background_color_opacity=&#8221;1&#8243; background_hover_color_opacity=&#8221;1&#8243; column_backdrop_filter=&#8221;none&#8221; column_shadow=&#8221;none&#8221; column_border_radius=&#8221;none&#8221; column_link_target=&#8221;_self&#8221; overflow=&#8221;visible&#8221; gradient_direction=&#8221;left_to_right&#8221; overlay_strength=&#8221;0.3&#8243; width=&#8221;1\/3&#8243; tablet_width_inherit=&#8221;default&#8221; animation_type=&#8221;default&#8221; bg_image_animation=&#8221;none&#8221; border_type=&#8221;simple&#8221; column_border_width=&#8221;none&#8221; column_border_style=&#8221;solid&#8221;][image_with_animation image_url=&#8221;2142&#8243; image_size=&#8221;medium_large&#8221; max_width=&#8221;100%&#8221; max_width_mobile=&#8221;default&#8221; animation_type=&#8221;entrance&#8221; animation=&#8221;None&#8221; animation_movement_type=&#8221;transform_y&#8221; hover_animation=&#8221;none&#8221; alignment=&#8221;&#8221; border_radius=&#8221;none&#8221; box_shadow=&#8221;none&#8221; image_loading=&#8221;default&#8221;][\/vc_column_inner][vc_column_inner column_padding=&#8221;no-extra-padding&#8221; column_padding_tablet=&#8221;inherit&#8221; column_padding_phone=&#8221;inherit&#8221; column_padding_position=&#8221;all&#8221; flex_gap_desktop=&#8221;10px&#8221; column_element_direction_desktop=&#8221;default&#8221; column_element_spacing=&#8221;default&#8221; desktop_text_alignment=&#8221;default&#8221; tablet_text_alignment=&#8221;default&#8221; phone_text_alignment=&#8221;default&#8221; background_color_opacity=&#8221;1&#8243; background_hover_color_opacity=&#8221;1&#8243; column_backdrop_filter=&#8221;none&#8221; column_shadow=&#8221;none&#8221; column_border_radius=&#8221;none&#8221; column_link_target=&#8221;_self&#8221; overflow=&#8221;visible&#8221; gradient_direction=&#8221;left_to_right&#8221; overlay_strength=&#8221;0.3&#8243; width=&#8221;2\/3&#8243; tablet_width_inherit=&#8221;default&#8221; animation_type=&#8221;default&#8221; bg_image_animation=&#8221;none&#8221; border_type=&#8221;simple&#8221; column_border_width=&#8221;none&#8221; column_border_style=&#8221;solid&#8221;][\/vc_column_inner][\/vc_row_inner][vc_column_text css=&#8221;&#8221; text_direction=&#8221;default&#8221;]\n<h1>Etikai \u00e9s Szakmai nyilatkozat<\/h1>\n[\/vc_column_text][vc_column_text css=&#8221;&#8221; text_direction=&#8221;default&#8221;]\n<h3>S. T\u00f3th M\u00e1rta szak\u00e9rt\u0151i munk\u00e1j\u00e1nak alapelvei<\/h3>\n[\/vc_column_text][\/vc_column][\/vc_row][vc_row type=&#8221;in_container&#8221; full_screen_row_position=&#8221;middle&#8221; column_margin=&#8221;default&#8221; column_direction=&#8221;default&#8221; column_direction_tablet=&#8221;default&#8221; column_direction_phone=&#8221;default&#8221; scene_position=&#8221;center&#8221; text_color=&#8221;dark&#8221; text_align=&#8221;left&#8221; row_border_radius=&#8221;none&#8221; row_border_radius_applies=&#8221;bg&#8221; row_position_desktop=&#8221;default&#8221; row_position_tablet=&#8221;inherit&#8221; row_position_phone=&#8221;inherit&#8221; overflow=&#8221;visible&#8221; overlay_strength=&#8221;0.3&#8243; gradient_direction=&#8221;left_to_right&#8221; shape_divider_position=&#8221;bottom&#8221; bg_image_animation=&#8221;none&#8221;][vc_column column_padding=&#8221;no-extra-padding&#8221; column_padding_tablet=&#8221;inherit&#8221; column_padding_phone=&#8221;inherit&#8221; column_padding_position=&#8221;all&#8221; flex_gap_desktop=&#8221;10px&#8221; column_element_direction_desktop=&#8221;default&#8221; column_element_spacing=&#8221;default&#8221; desktop_text_alignment=&#8221;default&#8221; tablet_text_alignment=&#8221;default&#8221; phone_text_alignment=&#8221;default&#8221; background_color_opacity=&#8221;1&#8243; background_hover_color_opacity=&#8221;1&#8243; column_backdrop_filter=&#8221;none&#8221; column_shadow=&#8221;none&#8221; column_border_radius=&#8221;none&#8221; column_link_target=&#8221;_self&#8221; column_position=&#8221;default&#8221; gradient_direction=&#8221;left_to_right&#8221; overlay_strength=&#8221;0.3&#8243; width=&#8221;1\/1&#8243; tablet_width_inherit=&#8221;default&#8221; animation_type=&#8221;default&#8221; bg_image_animation=&#8221;none&#8221; border_type=&#8221;simple&#8221; column_border_width=&#8221;none&#8221; column_border_style=&#8221;solid&#8221;][vc_column_text css=&#8221;&#8221; text_direction=&#8221;default&#8221;]Munk\u00e1m sor\u00e1n NLP- \u00e9s neuro-alap\u00fa, <strong>nem orvosi \u00e9s nem klinikai<\/strong> megk\u00f6zel\u00edt\u00e9sekkel t\u00e1mogatom az egy\u00e9ni, kapcsolati \u00e9s szervezeti v\u00e1ltoz\u00e1st. Tev\u00e9kenys\u00e9gem c\u00e9lja a ment\u00e1lis tudatoss\u00e1g, az \u00f6nszab\u00e1lyoz\u00e1s \u00e9s a bels\u0151 er\u0151forr\u00e1sok fejleszt\u00e9se \u2013 nem pedig diagn\u00f3zis, kezel\u00e9s vagy ter\u00e1pia v\u00e9gz\u00e9se.<\/p>\n<p><strong>Amit a munk\u00e1m nem jelent:<\/strong><\/p>\n<ul>\n<li>nem eg\u00e9szs\u00e9g\u00fcgyi, pszichoter\u00e1pi\u00e1s vagy orvosi ell\u00e1t\u00e1s<\/li>\n<li>nem diagnosztiz\u00e1l\u00e1s<\/li>\n<li>nem gy\u00f3gyszeres vagy klinikai beavatkoz\u00e1s<\/li>\n<li>nem helyettes\u00edti az orvosi vagy pszichol\u00f3giai kezel\u00e9st<\/li>\n<\/ul>\n<p><strong>Amit a munk\u00e1m jelent:<\/strong><\/p>\n<ul>\n<li>tudatos tanul\u00e1si \u00e9s v\u00e1ltoz\u00e1si folyamatok k\u00eds\u00e9r\u00e9se<\/li>\n<li>NLP- \u00e9s neuroplaszticit\u00e1s-alap\u00fa gondolkod\u00e1s- \u00e9s viselked\u00e9smint\u00e1k \u00e1talak\u00edt\u00e1sa<\/li>\n<li>bels\u0151 d\u00f6nt\u00e9si, \u00e9rzelmi \u00e9s identit\u00e1sstrukt\u00far\u00e1k fejleszt\u00e9se<\/li>\n<li>egy\u00e9ni felel\u0151ss\u00e9gre \u00e9s \u00f6nismeretre \u00e9p\u00fcl\u0151 t\u00e1mogat\u00e1s<\/li>\n<\/ul>\n<p><strong>Etikai alapelveim:<\/strong><\/p>\n<ul>\n<li><strong>Biztons\u00e1g:<\/strong> minden folyamat a kliens aktu\u00e1lis ment\u00e1lis \u00e9s \u00e9rzelmi terhelhet\u0151s\u00e9g\u00e9hez igazodik<\/li>\n<li><strong>Auton\u00f3mia:<\/strong> a kliens d\u00f6nt\u00e9seit, temp\u00f3j\u00e1t \u00e9s hat\u00e1rait tiszteletben tartom<\/li>\n<li><strong>\u00c1tl\u00e1that\u00f3s\u00e1g:<\/strong> vil\u00e1gos keretek, c\u00e9lok \u00e9s m\u00f3dszerek<\/li>\n<li><strong>Felel\u0151ss\u00e9g:<\/strong> sz\u00fcks\u00e9g eset\u00e9n megfelel\u0151 szakemberhez ir\u00e1ny\u00edt\u00e1s<\/li>\n<li><strong>Diszkr\u00e9ci\u00f3:<\/strong> teljes titoktart\u00e1s \u00e9s etikus jelenl\u00e9t<\/li>\n<\/ul>\n<p>Hiszem, hogy a val\u00f3di v\u00e1ltoz\u00e1s nem er\u0151ltethet\u0151, hanem <strong>bels\u0151 biztons\u00e1gb\u00f3l, tudatoss\u00e1gb\u00f3l \u00e9s tanul\u00e1sb\u00f3l sz\u00fcletik<\/strong>. Ebben a folyamatban k\u00eds\u00e9rek \u2013 nem ir\u00e1ny\u00edtok, nem diagnosztiz\u00e1lok, nem helyettes\u00edtek m\u00e1s szakm\u00e1t.<\/p>\n<p>S. Toth Marta | 2026.01.[\/vc_column_text][\/vc_column][\/vc_row]\n","protected":false},"excerpt":{"rendered":"<p>[vc_row type=&#8221;in_container&#8221; full_screen_row_position=&#8221;middle&#8221; column_margin=&#8221;default&#8221; column_direction=&#8221;default&#8221; column_direction_tablet=&#8221;default&#8221; column_direction_phone=&#8221;default&#8221; scene_position=&#8221;center&#8221; text_color=&#8221;dark&#8221; text_align=&#8221;left&#8221; row_border_radius=&#8221;none&#8221; row_border_radius_applies=&#8221;bg&#8221; row_position_desktop=&#8221;default&#8221; row_position_tablet=&#8221;inherit&#8221; row_position_phone=&#8221;inherit&#8221; overflow=&#8221;visible&#8221; overlay_strength=&#8221;0.3&#8243; gradient_direction=&#8221;left_to_right&#8221; shape_divider_position=&#8221;bottom&#8221; bg_image_animation=&#8221;none&#8221;][vc_column column_padding=&#8221;no-extra-padding&#8221; column_padding_tablet=&#8221;inherit&#8221; column_padding_phone=&#8221;inherit&#8221; column_padding_position=&#8221;all&#8221; flex_gap_desktop=&#8221;10px&#8221; column_element_direction_desktop=&#8221;default&#8221; column_element_spacing=&#8221;default&#8221; desktop_text_alignment=&#8221;default&#8221; tablet_text_alignment=&#8221;default&#8221; phone_text_alignment=&#8221;default&#8221;&#8230;<\/p>\n","protected":false},"author":1,"featured_media":2691,"parent":0,"menu_order":0,"comment_status":"closed","ping_status":"closed","template":"","meta":{"footnotes":""},"class_list":["post-2688","page","type-page","status-publish","has-post-thumbnail"],"yoast_head":"<!-- This site is optimized with the Yoast SEO plugin v27.4 - https:\/\/yoast.com\/product\/yoast-seo-wordpress\/ -->\n<title>Etikai \u00e9s Szakmai nyilatkozat - S. Toth Marta - Human Performance &amp; Wellbeing Strategist<\/title>\n<meta name=\"description\" content=\"S. T\u00f3th M\u00e1rta etikai \u00e9s szakmai nyilatkozata: NLP- \u00e9s neuroalap\u00fa munkav\u00e9gz\u00e9s alapelvei, etika, felel\u0151ss\u00e9g \u00e9s kliensbiztons\u00e1g.\" \/>\n<meta name=\"robots\" content=\"index, follow, max-snippet:-1, max-image-preview:large, max-video-preview:-1\" \/>\n<link rel=\"canonical\" href=\"http:\/\/www.stothmarta.com\/hu\/etikai-es-szakmai-nyilatkozat\/\" \/>\n<meta property=\"og:locale\" content=\"en_US\" \/>\n<meta property=\"og:type\" content=\"article\" \/>\n<meta property=\"og:title\" content=\"Etikai \u00e9s Szakmai nyilatkozat - S. Toth Marta - Human Performance &amp; Wellbeing Strategist\" \/>\n<meta property=\"og:description\" content=\"S. T\u00f3th M\u00e1rta etikai \u00e9s szakmai nyilatkozata: NLP- \u00e9s neuroalap\u00fa munkav\u00e9gz\u00e9s alapelvei, etika, felel\u0151ss\u00e9g \u00e9s kliensbiztons\u00e1g.\" \/>\n<meta property=\"og:url\" content=\"http:\/\/www.stothmarta.com\/hu\/etikai-es-szakmai-nyilatkozat\/\" \/>\n<meta property=\"og:site_name\" content=\"S. Toth Marta - Human Performance &amp; Wellbeing Strategist\" \/>\n<meta property=\"article:modified_time\" content=\"2026-01-29T09:18:13+00:00\" \/>\n<meta property=\"og:image\" content=\"http:\/\/www.stothmarta.com\/hu\/wp-content\/uploads\/sites\/4\/2026\/01\/cover-website-etiaki.jpg\" \/>\n\t<meta property=\"og:image:width\" content=\"1920\" \/>\n\t<meta property=\"og:image:height\" content=\"1080\" \/>\n\t<meta property=\"og:image:type\" content=\"image\/jpeg\" \/>\n<meta name=\"twitter:card\" content=\"summary_large_image\" \/>\n<meta name=\"twitter:label1\" content=\"Est. reading time\" \/>\n\t<meta name=\"twitter:data1\" content=\"2 minutes\" \/>\n<script type=\"application\/ld+json\" class=\"yoast-schema-graph\">{\"@context\":\"https:\\\/\\\/schema.org\",\"@graph\":[{\"@type\":\"WebPage\",\"@id\":\"http:\\\/\\\/www.stothmarta.com\\\/hu\\\/etikai-es-szakmai-nyilatkozat\\\/\",\"url\":\"http:\\\/\\\/www.stothmarta.com\\\/hu\\\/etikai-es-szakmai-nyilatkozat\\\/\",\"name\":\"Etikai \u00e9s Szakmai nyilatkozat - S. Toth Marta - Human Performance &amp; Wellbeing Strategist\",\"isPartOf\":{\"@id\":\"http:\\\/\\\/www.stothmarta.com\\\/hu\\\/#website\"},\"primaryImageOfPage\":{\"@id\":\"http:\\\/\\\/www.stothmarta.com\\\/hu\\\/etikai-es-szakmai-nyilatkozat\\\/#primaryimage\"},\"image\":{\"@id\":\"http:\\\/\\\/www.stothmarta.com\\\/hu\\\/etikai-es-szakmai-nyilatkozat\\\/#primaryimage\"},\"thumbnailUrl\":\"http:\\\/\\\/www.stothmarta.com\\\/hu\\\/wp-content\\\/uploads\\\/sites\\\/4\\\/2026\\\/01\\\/cover-website-etiaki.jpg\",\"datePublished\":\"2026-01-29T09:01:41+00:00\",\"dateModified\":\"2026-01-29T09:18:13+00:00\",\"description\":\"S. T\u00f3th M\u00e1rta etikai \u00e9s szakmai nyilatkozata: NLP- \u00e9s neuroalap\u00fa munkav\u00e9gz\u00e9s alapelvei, etika, felel\u0151ss\u00e9g \u00e9s kliensbiztons\u00e1g.\",\"breadcrumb\":{\"@id\":\"http:\\\/\\\/www.stothmarta.com\\\/hu\\\/etikai-es-szakmai-nyilatkozat\\\/#breadcrumb\"},\"inLanguage\":\"en-US\",\"potentialAction\":[{\"@type\":\"ReadAction\",\"target\":[\"http:\\\/\\\/www.stothmarta.com\\\/hu\\\/etikai-es-szakmai-nyilatkozat\\\/\"]}]},{\"@type\":\"ImageObject\",\"inLanguage\":\"en-US\",\"@id\":\"http:\\\/\\\/www.stothmarta.com\\\/hu\\\/etikai-es-szakmai-nyilatkozat\\\/#primaryimage\",\"url\":\"http:\\\/\\\/www.stothmarta.com\\\/hu\\\/wp-content\\\/uploads\\\/sites\\\/4\\\/2026\\\/01\\\/cover-website-etiaki.jpg\",\"contentUrl\":\"http:\\\/\\\/www.stothmarta.com\\\/hu\\\/wp-content\\\/uploads\\\/sites\\\/4\\\/2026\\\/01\\\/cover-website-etiaki.jpg\",\"width\":1920,\"height\":1080},{\"@type\":\"BreadcrumbList\",\"@id\":\"http:\\\/\\\/www.stothmarta.com\\\/hu\\\/etikai-es-szakmai-nyilatkozat\\\/#breadcrumb\",\"itemListElement\":[{\"@type\":\"ListItem\",\"position\":1,\"name\":\"Home\",\"item\":\"http:\\\/\\\/www.stothmarta.com\\\/hu\\\/\"},{\"@type\":\"ListItem\",\"position\":2,\"name\":\"Etikai \u00e9s Szakmai nyilatkozat\"}]},{\"@type\":\"WebSite\",\"@id\":\"http:\\\/\\\/www.stothmarta.com\\\/hu\\\/#website\",\"url\":\"http:\\\/\\\/www.stothmarta.com\\\/hu\\\/\",\"name\":\"S. Toth Marta - Human Performance &amp; Wellbeing Strategist\",\"description\":\"Mert a fenntarthat\u00f3 teljes\u00edtm\u00e9ny az emberi elm\u00e9ben kezd\u0151dik.\",\"potentialAction\":[{\"@type\":\"SearchAction\",\"target\":{\"@type\":\"EntryPoint\",\"urlTemplate\":\"http:\\\/\\\/www.stothmarta.com\\\/hu\\\/?s={search_term_string}\"},\"query-input\":{\"@type\":\"PropertyValueSpecification\",\"valueRequired\":true,\"valueName\":\"search_term_string\"}}],\"inLanguage\":\"en-US\"}]}<\/script>\n<!-- \/ Yoast SEO plugin. -->","yoast_head_json":{"title":"Etikai \u00e9s Szakmai nyilatkozat - S. Toth Marta - Human Performance &amp; Wellbeing Strategist","description":"S. T\u00f3th M\u00e1rta etikai \u00e9s szakmai nyilatkozata: NLP- \u00e9s neuroalap\u00fa munkav\u00e9gz\u00e9s alapelvei, etika, felel\u0151ss\u00e9g \u00e9s kliensbiztons\u00e1g.","robots":{"index":"index","follow":"follow","max-snippet":"max-snippet:-1","max-image-preview":"max-image-preview:large","max-video-preview":"max-video-preview:-1"},"canonical":"http:\/\/www.stothmarta.com\/hu\/etikai-es-szakmai-nyilatkozat\/","og_locale":"en_US","og_type":"article","og_title":"Etikai \u00e9s Szakmai nyilatkozat - S. Toth Marta - Human Performance &amp; Wellbeing Strategist","og_description":"S. T\u00f3th M\u00e1rta etikai \u00e9s szakmai nyilatkozata: NLP- \u00e9s neuroalap\u00fa munkav\u00e9gz\u00e9s alapelvei, etika, felel\u0151ss\u00e9g \u00e9s kliensbiztons\u00e1g.","og_url":"http:\/\/www.stothmarta.com\/hu\/etikai-es-szakmai-nyilatkozat\/","og_site_name":"S. Toth Marta - Human Performance &amp; Wellbeing Strategist","article_modified_time":"2026-01-29T09:18:13+00:00","og_image":[{"width":1920,"height":1080,"url":"http:\/\/www.stothmarta.com\/hu\/wp-content\/uploads\/sites\/4\/2026\/01\/cover-website-etiaki.jpg","type":"image\/jpeg"}],"twitter_card":"summary_large_image","twitter_misc":{"Est. reading time":"2 minutes"},"schema":{"@context":"https:\/\/schema.org","@graph":[{"@type":"WebPage","@id":"http:\/\/www.stothmarta.com\/hu\/etikai-es-szakmai-nyilatkozat\/","url":"http:\/\/www.stothmarta.com\/hu\/etikai-es-szakmai-nyilatkozat\/","name":"Etikai \u00e9s Szakmai nyilatkozat - S. Toth Marta - Human Performance &amp; Wellbeing Strategist","isPartOf":{"@id":"http:\/\/www.stothmarta.com\/hu\/#website"},"primaryImageOfPage":{"@id":"http:\/\/www.stothmarta.com\/hu\/etikai-es-szakmai-nyilatkozat\/#primaryimage"},"image":{"@id":"http:\/\/www.stothmarta.com\/hu\/etikai-es-szakmai-nyilatkozat\/#primaryimage"},"thumbnailUrl":"http:\/\/www.stothmarta.com\/hu\/wp-content\/uploads\/sites\/4\/2026\/01\/cover-website-etiaki.jpg","datePublished":"2026-01-29T09:01:41+00:00","dateModified":"2026-01-29T09:18:13+00:00","description":"S. T\u00f3th M\u00e1rta etikai \u00e9s szakmai nyilatkozata: NLP- \u00e9s neuroalap\u00fa munkav\u00e9gz\u00e9s alapelvei, etika, felel\u0151ss\u00e9g \u00e9s kliensbiztons\u00e1g.","breadcrumb":{"@id":"http:\/\/www.stothmarta.com\/hu\/etikai-es-szakmai-nyilatkozat\/#breadcrumb"},"inLanguage":"en-US","potentialAction":[{"@type":"ReadAction","target":["http:\/\/www.stothmarta.com\/hu\/etikai-es-szakmai-nyilatkozat\/"]}]},{"@type":"ImageObject","inLanguage":"en-US","@id":"http:\/\/www.stothmarta.com\/hu\/etikai-es-szakmai-nyilatkozat\/#primaryimage","url":"http:\/\/www.stothmarta.com\/hu\/wp-content\/uploads\/sites\/4\/2026\/01\/cover-website-etiaki.jpg","contentUrl":"http:\/\/www.stothmarta.com\/hu\/wp-content\/uploads\/sites\/4\/2026\/01\/cover-website-etiaki.jpg","width":1920,"height":1080},{"@type":"BreadcrumbList","@id":"http:\/\/www.stothmarta.com\/hu\/etikai-es-szakmai-nyilatkozat\/#breadcrumb","itemListElement":[{"@type":"ListItem","position":1,"name":"Home","item":"http:\/\/www.stothmarta.com\/hu\/"},{"@type":"ListItem","position":2,"name":"Etikai \u00e9s Szakmai nyilatkozat"}]},{"@type":"WebSite","@id":"http:\/\/www.stothmarta.com\/hu\/#website","url":"http:\/\/www.stothmarta.com\/hu\/","name":"S. Toth Marta - Human Performance &amp; Wellbeing Strategist","description":"Mert a fenntarthat\u00f3 teljes\u00edtm\u00e9ny az emberi elm\u00e9ben kezd\u0151dik.","potentialAction":[{"@type":"SearchAction","target":{"@type":"EntryPoint","urlTemplate":"http:\/\/www.stothmarta.com\/hu\/?s={search_term_string}"},"query-input":{"@type":"PropertyValueSpecification","valueRequired":true,"valueName":"search_term_string"}}],"inLanguage":"en-US"}]}},"_links":{"self":[{"href":"http:\/\/www.stothmarta.com\/hu\/wp-json\/wp\/v2\/pages\/2688","targetHints":{"allow":["GET"]}}],"collection":[{"href":"http:\/\/www.stothmarta.com\/hu\/wp-json\/wp\/v2\/pages"}],"about":[{"href":"http:\/\/www.stothmarta.com\/hu\/wp-json\/wp\/v2\/types\/page"}],"author":[{"embeddable":true,"href":"http:\/\/www.stothmarta.com\/hu\/wp-json\/wp\/v2\/users\/1"}],"replies":[{"embeddable":true,"href":"http:\/\/www.stothmarta.com\/hu\/wp-json\/wp\/v2\/comments?post=2688"}],"version-history":[{"count":4,"href":"http:\/\/www.stothmarta.com\/hu\/wp-json\/wp\/v2\/pages\/2688\/revisions"}],"predecessor-version":[{"id":2693,"href":"http:\/\/www.stothmarta.com\/hu\/wp-json\/wp\/v2\/pages\/2688\/revisions\/2693"}],"wp:featuredmedia":[{"embeddable":true,"href":"http:\/\/www.stothmarta.com\/hu\/wp-json\/wp\/v2\/media\/2691"}],"wp:attachment":[{"href":"http:\/\/www.stothmarta.com\/hu\/wp-json\/wp\/v2\/media?parent=2688"}],"curies":[{"name":"wp","href":"https:\/\/api.w.org\/{rel}","templated":true}]}}